{"id":55,"date":"2018-08-08T20:56:29","date_gmt":"2018-08-08T18:56:29","guid":{"rendered":"http:\/\/cambios.webtest.hosting-kunde.de\/?page_id=55"},"modified":"2018-09-06T21:17:54","modified_gmt":"2018-09-06T19:17:54","slug":"kontakt","status":"publish","type":"page","link":"https:\/\/staging.cambios.de\/?page_id=55","title":{"rendered":"Kontakt"},"content":{"rendered":"<p>[et_pb_section bb_built=&#8220;1&#8243; admin_label=&#8220;Page Header&#8220; fullwidth=&#8220;on&#8220; _builder_version=&#8220;3.13&#8243; background_image=&#8220;https:\/\/staging.cambios.de\/wp-content\/uploads\/2018\/09\/kontakt.jpg&#8220; parallax=&#8220;on&#8220; animation_direction=&#8220;top&#8220; next_background_color=&#8220;#ffffff&#8220; parallax_method=&#8220;off&#8220;][et_pb_fullwidth_header admin_label=&#8220;Kontakt Header Text&#8220; title=&#8220;Was k\u00f6nnen wir f\u00fcr Sie tun?&#8220; text_orientation=&#8220;center&#8220; scroll_down_icon_size=&#8220;48px&#8220; _builder_version=&#8220;3.13&#8243; title_font=&#8220;Montserrat|on|||&#8220; title_font_size=&#8220;60px&#8220; title_font_size_phone=&#8220;40px&#8220; title_font_size_last_edited=&#8220;on|phone&#8220; title_line_height=&#8220;1.4em&#8220; content_font_size=&#8220;22px&#8220; content_line_height=&#8220;1.8em&#8220; subhead_font=&#8220;||||&#8220; use_background_color_gradient=&#8220;on&#8220; background_color_gradient_start=&#8220;rgba(0,128,200,0.1)&#8220; background_color_gradient_end=&#8220;rgba(0,128,200,0.8)&#8220; custom_button_two=&#8220;on&#8220; button_two_text_size=&#8220;16px&#8220; button_two_border_color=&#8220;#ffffff&#8220; button_two_border_radius=&#8220;0&#8243; button_two_letter_spacing=&#8220;2&#8243; button_two_font=&#8220;Montserrat|||on|&#8220; button_two_use_icon=&#8220;off&#8220; button_two_text_color_hover=&#8220;#6eba01&#8243; button_two_bg_color_hover=&#8220;#ffffff&#8220; button_two_border_color_hover=&#8220;#ffffff&#8220; button_two_border_radius_hover=&#8220;0&#8243; button_two_letter_spacing_hover=&#8220;2&#8243; custom_button_one=&#8220;on&#8220; button_one_text_size=&#8220;16px&#8220; button_one_bg_color=&#8220;#6eba01&#8243; button_one_border_color=&#8220;#6eba01&#8243; button_one_border_radius=&#8220;0&#8243; button_one_letter_spacing=&#8220;2&#8243; button_one_font=&#8220;Montserrat|||on|&#8220; button_one_use_icon=&#8220;off&#8220; button_one_text_color_hover=&#8220;#6eba01&#8243; button_one_bg_color_hover=&#8220;#ffffff&#8220; button_one_border_color_hover=&#8220;#ffffff&#8220; button_one_border_radius_hover=&#8220;0&#8243; button_one_letter_spacing_hover=&#8220;2&#8243; module_alignment=&#8220;left&#8220; animation_style=&#8220;fade&#8220; background_color=&#8220;rgba(196,196,196,0)&#8220; custom_margin=&#8220;|0px||0px&#8220; custom_css_title=&#8220;width:100%;||max-width:1000px;&#8220; custom_css_content=&#8220;width:100%;||max-width:1000px;&#8220; custom_padding=&#8220;|0px||0px&#8220; background_color_gradient_overlays_image=&#8220;on&#8220; module_class=&#8220;kontakt_header&#8220;]<\/p>\n<p>Wir sind gerne pers\u00f6nlich f\u00fcr Sie da.<\/p>\n<p>&nbsp;<\/p>\n<p>[\/et_pb_fullwidth_header][\/et_pb_section][et_pb_section bb_built=&#8220;1&#8243; admin_label=&#8220;Contact Info&#8220; _builder_version=&#8220;3.0.65&#8243; custom_padding=&#8220;90px||90px|&#8220; locked=&#8220;off&#8220; prev_background_color=&#8220;#000000&#8243; next_background_color=&#8220;#f4f4f4&#8243;][et_pb_row custom_padding=&#8220;50px|||&#8220; background_position_1=&#8220;top_left&#8220; background_position_2=&#8220;top_left&#8220; background_position_3=&#8220;top_left&#8220; background_repeat_1=&#8220;no-repeat&#8220; background_repeat_2=&#8220;no-repeat&#8220; background_repeat_3=&#8220;no-repeat&#8220; _builder_version=&#8220;3.13&#8243; background_size=&#8220;initial&#8220; background_position=&#8220;top_left&#8220; background_repeat=&#8220;repeat&#8220; locked=&#8220;off&#8220;][et_pb_column type=&#8220;1_4&#8243;][et_pb_blurb admin_label=&#8220;Address&#8220; title=&#8220;Adresse&#8220; use_icon=&#8220;on&#8220; font_icon=&#8220;%%249%%&#8220; icon_color=&#8220;#3292c8&#8243; use_icon_font_size=&#8220;on&#8220; icon_font_size=&#8220;60px&#8220; icon_font_size_last_edited=&#8220;off|desktop&#8220; _builder_version=&#8220;3.13&#8243; header_font=&#8220;Montserrat||||&#8220; header_text_color=&#8220;#1f1f1f&#8220; header_line_height=&#8220;1.8em&#8220; body_line_height=&#8220;1.5em&#8220; border_color_all=&#8220;#e0e0e0&#8243; text_orientation=&#8220;center&#8220; custom_margin=&#8220;|||&#8220; animation_style=&#8220;fold&#8220; animation_direction=&#8220;bottom&#8220; animation_intensity_fold=&#8220;30%&#8220; use_border_color=&#8220;on&#8220; border_color=&#8220;#e0e0e0&#8243; locked=&#8220;off&#8220; header_font_size=&#8220;22px&#8220;]<\/p>\n<p>Cambios GmbH<br \/>\nThurn-und-Taxis-Platz 6<br \/>\nD-60313 Frankfurt<\/p>\n<p>[\/et_pb_blurb][\/et_pb_column][et_pb_column type=&#8220;1_4&#8243;][et_pb_blurb admin_label=&#8220;Telefon&#8220; title=&#8220;Telefon&#8220; use_icon=&#8220;on&#8220; font_icon=&#8220;%%104%%&#8220; icon_color=&#8220;#3292c8&#8243; use_icon_font_size=&#8220;on&#8220; icon_font_size=&#8220;60px&#8220; icon_font_size_last_edited=&#8220;off|desktop&#8220; _builder_version=&#8220;3.13&#8243; header_font=&#8220;Montserrat||||&#8220; header_text_color=&#8220;#1f1f1f&#8220; header_line_height=&#8220;1.8em&#8220; body_line_height=&#8220;1.5em&#8220; border_color_all=&#8220;#e0e0e0&#8243; text_orientation=&#8220;center&#8220; custom_margin=&#8220;|||&#8220; animation_style=&#8220;fold&#8220; animation_direction=&#8220;bottom&#8220; animation_delay=&#8220;100ms&#8220; animation_intensity_fold=&#8220;30%&#8220; use_border_color=&#8220;on&#8220; border_color=&#8220;#e0e0e0&#8243; locked=&#8220;off&#8220; header_font_size=&#8220;22px&#8220;]<\/p>\n<p>+ 49 69 25 73 75 289<\/p>\n<p>[\/et_pb_blurb][\/et_pb_column][et_pb_column type=&#8220;1_4&#8243;][et_pb_blurb admin_label=&#8220;Telefax&#8220; title=&#8220;Telefax&#8220; use_icon=&#8220;on&#8220; font_icon=&#8220;%%142%%&#8220; icon_color=&#8220;#3292c8&#8243; use_icon_font_size=&#8220;on&#8220; icon_font_size=&#8220;60px&#8220; icon_font_size_last_edited=&#8220;off|desktop&#8220; _builder_version=&#8220;3.13&#8243; header_font=&#8220;Montserrat||||&#8220; header_text_color=&#8220;#1f1f1f&#8220; header_line_height=&#8220;1.8em&#8220; body_line_height=&#8220;1.5em&#8220; border_color_all=&#8220;#e0e0e0&#8243; text_orientation=&#8220;center&#8220; custom_margin=&#8220;|||&#8220; animation_style=&#8220;fold&#8220; animation_direction=&#8220;bottom&#8220; animation_delay=&#8220;100ms&#8220; animation_intensity_fold=&#8220;30%&#8220; use_border_color=&#8220;on&#8220; border_color=&#8220;#e0e0e0&#8243; header_font_size=&#8220;22px&#8220;]<\/p>\n<p>+ 49 69 25 73 75 25<\/p>\n<p>[\/et_pb_blurb][\/et_pb_column][et_pb_column type=&#8220;1_4&#8243;][et_pb_blurb admin_label=&#8220;Email&#8220; title=&#8220;Email&#8220; use_icon=&#8220;on&#8220; font_icon=&#8220;%%238%%&#8220; icon_color=&#8220;#3292c8&#8243; use_icon_font_size=&#8220;on&#8220; icon_font_size=&#8220;60px&#8220; icon_font_size_last_edited=&#8220;off|desktop&#8220; _builder_version=&#8220;3.13&#8243; header_font=&#8220;Montserrat||||&#8220; header_text_color=&#8220;#1f1f1f&#8220; header_font_size=&#8220;22px&#8220; header_line_height=&#8220;1.8em&#8220; body_line_height=&#8220;1.5em&#8220; border_color_all=&#8220;#e0e0e0&#8243; text_orientation=&#8220;center&#8220; custom_margin=&#8220;|||&#8220; animation_style=&#8220;fold&#8220; animation_direction=&#8220;bottom&#8220; animation_delay=&#8220;200ms&#8220; animation_intensity_fold=&#8220;30%&#8220; use_border_color=&#8220;on&#8220; border_color=&#8220;#e0e0e0&#8243; locked=&#8220;off&#8220;]<\/p>\n<p>kontakt@staging.cambios.de<\/p>\n<p>[\/et_pb_blurb][\/et_pb_column][\/et_pb_row][\/et_pb_section][et_pb_section bb_built=&#8220;1&#8243; admin_label=&#8220;Contact&#8220; _builder_version=&#8220;3.0.78&#8243; background_color=&#8220;#f4f4f4&#8243; prev_background_color=&#8220;#ffffff&#8220; next_background_color=&#8220;#ffffff&#8220;][et_pb_row custom_width_px=&#8220;710px&#8220; background_position_1=&#8220;top_left&#8220; background_repeat_1=&#8220;no-repeat&#8220; _builder_version=&#8220;3.0.65&#8243; locked=&#8220;off&#8220;][et_pb_column type=&#8220;4_4&#8243;][et_pb_text admin_label=&#8220;Kontakt Text&#8220; _builder_version=&#8220;3.13&#8243; header_font=&#8220;Montserrat||||&#8220; header_text_color=&#8220;#1f1f1f&#8220; header_font_size=&#8220;36px&#8220; text_orientation=&#8220;center&#8220; module_alignment=&#8220;center&#8220; animation_style=&#8220;fold&#8220; animation_direction=&#8220;bottom&#8220; animation_intensity_fold=&#8220;20%&#8220;]<\/p>\n<h1>CHANGE AT EASE<\/h1>\n<h3>Schreiben Sie uns einfach. Wir melden uns pers\u00f6nlich bei Ihnen.<\/h3>\n<p>[\/et_pb_text][\/et_pb_column][\/et_pb_row][et_pb_row use_custom_width=&#8220;on&#8220; custom_width_px=&#8220;900px&#8220; _builder_version=&#8220;3.0.78&#8243;][et_pb_column type=&#8220;4_4&#8243;][et_pb_contact_form submit_button_text=&#8220;Nachricht absenden&#8220; form_background_color=&#8220;rgba(255,255,255,0)&#8220; module_id=&#8220;et_pb_contact_form_1&#8243; _builder_version=&#8220;3.13&#8243; title_font=&#8220;Montserrat||||&#8220; title_font_size=&#8220;22px&#8220; border_width_all=&#8220;1px&#8220; border_color_all=&#8220;rgba(0,0,0,0.12)&#8220; custom_button=&#8220;on&#8220; button_text_size=&#8220;18px&#8220; button_text_color=&#8220;#ffffff&#8220; button_bg_color=&#8220;#0080c8&#8243; button_border_color=&#8220;#0080c8&#8243; button_border_radius=&#8220;0px&#8220; button_letter_spacing=&#8220;2px&#8220; button_font=&#8220;Montserrat|||on|&#8220; button_use_icon=&#8220;off&#8220; button_text_color_hover=&#8220;#d50b55&#8243; button_bg_color_hover=&#8220;rgba(0,0,0,0)&#8220; button_border_color_hover=&#8220;#d50b55&#8243; button_border_radius_hover=&#8220;0px&#8220; button_letter_spacing_hover=&#8220;2px&#8220; animation_style=&#8220;fold&#8220; animation_direction=&#8220;bottom&#8220; animation_intensity_fold=&#8220;20%&#8220; use_border_color=&#8220;on&#8220; border_color=&#8220;rgba(0,0,0,0.12)&#8220; locked=&#8220;off&#8220; success_message=&#8220;Vielen Dank f\u00fcr Ihr Interesse. Ihre Nachricht haben wir erhalten.&#8220; email=&#8220;kontakt@staging.cambios.de&#8220;][et_pb_contact_field field_id=&#8220;Name&#8220; field_title=&#8220;Name&#8220; _builder_version=&#8220;3.13&#8243; field_type=&#8220;input&#8220; checkbox_checked=&#8220;off&#8220; checkbox_options=&#8220;%91{%22value%22:%22Name%22,%22checked%22:0}%93&#8243; radio_options=&#8220;%91{%22value%22:%22Name%22,%22checked%22:0}%93&#8243; select_options=&#8220;%91{%22value%22:%22Name%22,%22checked%22:0}%93&#8243; min_length=&#8220;0&#8243; max_length=&#8220;0&#8243; allowed_symbols=&#8220;all&#8220; required_mark=&#8220;on&#8220; conditional_logic=&#8220;off&#8220; conditional_logic_relation=&#8220;off&#8220; conditional_logic_rules=&#8220;%91{%22field%22:%22email%22,%22condition%22:%22is%22,%22value%22:%22%22}%93&#8243; use_background_color_gradient=&#8220;off&#8220; background_color_gradient_start=&#8220;#2b87da&#8220; background_color_gradient_end=&#8220;#29c4a9&#8243; background_color_gradient_type=&#8220;linear&#8220; background_color_gradient_direction=&#8220;180deg&#8220; background_color_gradient_direction_radial=&#8220;center&#8220; background_color_gradient_start_position=&#8220;0%&#8220; background_color_gradient_end_position=&#8220;100%&#8220; background_color_gradient_overlays_image=&#8220;off&#8220; parallax=&#8220;off&#8220; parallax_method=&#8220;on&#8220; background_size=&#8220;cover&#8220; background_position=&#8220;center&#8220; background_repeat=&#8220;no-repeat&#8220; background_blend=&#8220;normal&#8220; allow_player_pause=&#8220;off&#8220; background_video_pause_outside_viewport=&#8220;on&#8220; fullwidth_field=&#8220;on&#8220; form_field_text_shadow_style=&#8220;none&#8220; box_shadow_style=&#8220;none&#8220; \/][et_pb_contact_field field_id=&#8220;Email&#8220; field_title=&#8220;E-Mail Addresse&#8220; field_type=&#8220;email&#8220; _builder_version=&#8220;3.13&#8243; checkbox_checked=&#8220;off&#8220; checkbox_options=&#8220;%91{%22value%22:%22Email Address%22,%22checked%22:0}%93&#8243; radio_options=&#8220;%91{%22value%22:%22Email Address%22,%22checked%22:0}%93&#8243; select_options=&#8220;%91{%22value%22:%22Email Address%22,%22checked%22:0}%93&#8243; min_length=&#8220;0&#8243; max_length=&#8220;0&#8243; allowed_symbols=&#8220;all&#8220; required_mark=&#8220;on&#8220; conditional_logic=&#8220;off&#8220; conditional_logic_relation=&#8220;off&#8220; conditional_logic_rules=&#8220;%91{%22field%22:%22name%22,%22condition%22:%22is%22,%22value%22:%22%22}%93&#8243; use_background_color_gradient=&#8220;off&#8220; background_color_gradient_start=&#8220;#2b87da&#8220; background_color_gradient_end=&#8220;#29c4a9&#8243; background_color_gradient_type=&#8220;linear&#8220; background_color_gradient_direction=&#8220;180deg&#8220; background_color_gradient_direction_radial=&#8220;center&#8220; background_color_gradient_start_position=&#8220;0%&#8220; background_color_gradient_end_position=&#8220;100%&#8220; background_color_gradient_overlays_image=&#8220;off&#8220; parallax=&#8220;off&#8220; parallax_method=&#8220;on&#8220; background_size=&#8220;cover&#8220; background_position=&#8220;center&#8220; background_repeat=&#8220;no-repeat&#8220; background_blend=&#8220;normal&#8220; allow_player_pause=&#8220;off&#8220; background_video_pause_outside_viewport=&#8220;on&#8220; fullwidth_field=&#8220;off&#8220; form_field_text_shadow_style=&#8220;none&#8220; box_shadow_style=&#8220;none&#8220; \/][et_pb_contact_field _builder_version=&#8220;3.13&#8243; field_id=&#8220;Telefon&#8220; field_title=&#8220;Telefon&#8220; field_type=&#8220;input&#8220; checkbox_checked=&#8220;off&#8220; checkbox_options=&#8220;%91{%22value%22:%22%22,%22checked%22:0}%93&#8243; radio_options=&#8220;%91{%22value%22:%22%22,%22checked%22:0}%93&#8243; select_options=&#8220;%91{%22value%22:%22%22,%22checked%22:0}%93&#8243; min_length=&#8220;0&#8243; max_length=&#8220;0&#8243; allowed_symbols=&#8220;all&#8220; required_mark=&#8220;off&#8220; conditional_logic=&#8220;off&#8220; conditional_logic_relation=&#8220;off&#8220; conditional_logic_rules=&#8220;%91{%22field%22:%22name%22,%22condition%22:%22is%22,%22value%22:%22%22}%93&#8243; use_background_color_gradient=&#8220;off&#8220; background_color_gradient_start=&#8220;#2b87da&#8220; background_color_gradient_end=&#8220;#29c4a9&#8243; background_color_gradient_type=&#8220;linear&#8220; background_color_gradient_direction=&#8220;180deg&#8220; background_color_gradient_direction_radial=&#8220;center&#8220; background_color_gradient_start_position=&#8220;0%&#8220; background_color_gradient_end_position=&#8220;100%&#8220; background_color_gradient_overlays_image=&#8220;off&#8220; parallax=&#8220;off&#8220; parallax_method=&#8220;on&#8220; background_size=&#8220;cover&#8220; background_position=&#8220;center&#8220; background_repeat=&#8220;no-repeat&#8220; background_blend=&#8220;normal&#8220; allow_player_pause=&#8220;off&#8220; background_video_pause_outside_viewport=&#8220;on&#8220; fullwidth_field=&#8220;off&#8220; form_field_text_shadow_style=&#8220;none&#8220; box_shadow_style=&#8220;none&#8220; \/][et_pb_contact_field field_id=&#8220;Message&#8220; field_title=&#8220;Nachricht&#8220; field_type=&#8220;text&#8220; fullwidth_field=&#8220;on&#8220; _builder_version=&#8220;3.13&#8243; checkbox_checked=&#8220;off&#8220; checkbox_options=&#8220;%91{%22value%22:%22Message%22,%22checked%22:0}%93&#8243; radio_options=&#8220;%91{%22value%22:%22Message%22,%22checked%22:0}%93&#8243; select_options=&#8220;%91{%22value%22:%22Message%22,%22checked%22:0}%93&#8243; min_length=&#8220;0&#8243; max_length=&#8220;0&#8243; allowed_symbols=&#8220;all&#8220; required_mark=&#8220;on&#8220; conditional_logic=&#8220;off&#8220; conditional_logic_relation=&#8220;off&#8220; conditional_logic_rules=&#8220;%91{%22field%22:%22name%22,%22condition%22:%22is%22,%22value%22:%22%22}%93&#8243; use_background_color_gradient=&#8220;off&#8220; background_color_gradient_start=&#8220;#2b87da&#8220; background_color_gradient_end=&#8220;#29c4a9&#8243; background_color_gradient_type=&#8220;linear&#8220; background_color_gradient_direction=&#8220;180deg&#8220; background_color_gradient_direction_radial=&#8220;center&#8220; background_color_gradient_start_position=&#8220;0%&#8220; background_color_gradient_end_position=&#8220;100%&#8220; background_color_gradient_overlays_image=&#8220;off&#8220; parallax=&#8220;off&#8220; parallax_method=&#8220;on&#8220; background_size=&#8220;cover&#8220; background_position=&#8220;center&#8220; background_repeat=&#8220;no-repeat&#8220; background_blend=&#8220;normal&#8220; allow_player_pause=&#8220;off&#8220; background_video_pause_outside_viewport=&#8220;on&#8220; form_field_text_shadow_style=&#8220;none&#8220; box_shadow_style=&#8220;none&#8220; \/][et_pb_contact_field _builder_version=&#8220;3.13&#8243; field_id=&#8220;datenschutz_Einverst\u00e4ndnis&#8220; field_type=&#8220;checkbox&#8220; checkbox_checked=&#8220;off&#8220; radio_options=&#8220;%91{%22value%22:%22%22,%22checked%22:0}%93&#8243; select_options=&#8220;%91{%22value%22:%22%22,%22checked%22:0}%93&#8243; min_length=&#8220;0&#8243; max_length=&#8220;0&#8243; allowed_symbols=&#8220;all&#8220; required_mark=&#8220;on&#8220; conditional_logic=&#8220;off&#8220; conditional_logic_relation=&#8220;off&#8220; conditional_logic_rules=&#8220;%91{%22field%22:%22name%22,%22condition%22:%22is%22,%22value%22:%22%22}%93&#8243; use_background_color_gradient=&#8220;off&#8220; background_color_gradient_start=&#8220;#2b87da&#8220; background_color_gradient_end=&#8220;#29c4a9&#8243; background_color_gradient_type=&#8220;linear&#8220; background_color_gradient_direction=&#8220;180deg&#8220; background_color_gradient_direction_radial=&#8220;center&#8220; background_color_gradient_start_position=&#8220;0%&#8220; background_color_gradient_end_position=&#8220;100%&#8220; background_color_gradient_overlays_image=&#8220;off&#8220; parallax=&#8220;off&#8220; parallax_method=&#8220;on&#8220; background_size=&#8220;cover&#8220; background_position=&#8220;center&#8220; background_repeat=&#8220;no-repeat&#8220; background_blend=&#8220;normal&#8220; allow_player_pause=&#8220;off&#8220; background_video_pause_outside_viewport=&#8220;on&#8220; fullwidth_field=&#8220;on&#8220; form_field_text_shadow_style=&#8220;none&#8220; box_shadow_style=&#8220;none&#8220; form_field_text_shadow_horizontal_length=&#8220;0em&#8220; form_field_text_shadow_vertical_length=&#8220;0em&#8220; form_field_text_shadow_blur_strength=&#8220;0em&#8220; field_title=&#8220;Einverst\u00e4ndnis zur Datenschutzerkl\u00e4rung&#8220; checkbox_options=&#8220;%91{%22value%22:%22Ich habe die Datenschutzerkl\u00e4rung* zur Kenntnis genommen. Ich stimme einer elektronischen Speicherung und Verarbeitung meiner eingegebenen Daten zur Beantwortung meiner Anfrage zu. Hinweis: Die Einwilligung kann jederzeit f\u00fcr die Zukunft per E-Mail an kontakt@staging.cambios.de widerrufen werden.%22,%22checked%22:0}%93&#8243; \/][\/et_pb_contact_form][et_pb_text _builder_version=&#8220;3.13&#8243; custom_margin=&#8220;30px||20px|&#8220;]<\/p>\n<p>* Informationen und Widerrufshinweise finden Sie in der <a href=\"https:\/\/staging.cambios.de\/datenschutzerklaerung\/\">Datenschutzerkl\u00e4rung<\/a>.<\/p>\n<p>[\/et_pb_text][\/et_pb_column][\/et_pb_row][\/et_pb_section][et_pb_section bb_built=&#8220;1&#8243; admin_label=&#8220;Map&#8220; fullwidth=&#8220;on&#8220; _builder_version=&#8220;3.0.78&#8243; prev_background_color=&#8220;#f4f4f4&#8243;][et_pb_fullwidth_map address_lat=&#8220;50.11514670322047&#8243; address_lng=&#8220;8.67960235805674&#8243; _builder_version=&#8220;3.13&#8243; zoom_level=&#8220;17&#8243;][et_pb_map_pin pin_address=&#8220;D-60313 Frankfurt&#8220; pin_address_lat=&#8220;50.115191434675346&#8243; pin_address_lng=&#8220;8.679708454772936&#8243; _builder_version=&#8220;3.13&#8243; zoom_level=&#8220;18&#8243; title=&#8220;CAMBIOS&#8220;]<\/p>\n<p>Cambios GmbH<br \/>\nThurn-und-Taxis-Platz 6<br \/>\nD-60313 Frankfurt<\/p>\n<p>[\/et_pb_map_pin][\/et_pb_fullwidth_map][\/et_pb_section]<\/p>\n","protected":false},"excerpt":{"rendered":"<p>[et_pb_section bb_built=&#8220;1&#8243; admin_label=&#8220;Page Header&#8220; fullwidth=&#8220;on&#8220; _builder_version=&#8220;3.13&#8243; background_image=&#8220;https:\/\/staging.cambios.de\/wp-content\/uploads\/2018\/09\/kontakt.jpg&#8220; parallax=&#8220;on&#8220; animation_direction=&#8220;top&#8220; next_background_color=&#8220;#ffffff&#8220; parallax_method=&#8220;off&#8220;][et_pb_fullwidth_header admin_label=&#8220;Kontakt Header Text&#8220; title=&#8220;Was k\u00f6nnen wir f\u00fcr Sie tun?&#8220; text_orientation=&#8220;center&#8220; scroll_down_icon_size=&#8220;48px&#8220; _builder_version=&#8220;3.13&#8243; title_font=&#8220;Montserrat|on|||&#8220; title_font_size=&#8220;60px&#8220; title_font_size_phone=&#8220;40px&#8220; title_font_size_last_edited=&#8220;on|phone&#8220; title_line_height=&#8220;1.4em&#8220; content_font_size=&#8220;22px&#8220; content_line_height=&#8220;1.8em&#8220; subhead_font=&#8220;||||&#8220; use_background_color_gradient=&#8220;on&#8220; background_color_gradient_start=&#8220;rgba(0,128,200,0.1)&#8220; background_color_gradient_end=&#8220;rgba(0,128,200,0.8)&#8220; custom_button_two=&#8220;on&#8220; button_two_text_size=&#8220;16px&#8220; button_two_border_color=&#8220;#ffffff&#8220; button_two_border_radius=&#8220;0&#8243; button_two_letter_spacing=&#8220;2&#8243; button_two_font=&#8220;Montserrat|||on|&#8220; button_two_use_icon=&#8220;off&#8220; button_two_text_color_hover=&#8220;#6eba01&#8243; button_two_bg_color_hover=&#8220;#ffffff&#8220; button_two_border_color_hover=&#8220;#ffffff&#8220; button_two_border_radius_hover=&#8220;0&#8243; button_two_letter_spacing_hover=&#8220;2&#8243; custom_button_one=&#8220;on&#8220; button_one_text_size=&#8220;16px&#8220; button_one_bg_color=&#8220;#6eba01&#8243; button_one_border_color=&#8220;#6eba01&#8243; button_one_border_radius=&#8220;0&#8243; button_one_letter_spacing=&#8220;2&#8243; button_one_font=&#8220;Montserrat|||on|&#8220; button_one_use_icon=&#8220;off&#8220; button_one_text_color_hover=&#8220;#6eba01&#8243; [&hellip;]<\/p>\n","protected":false},"author":1,"featured_media":0,"parent":0,"menu_order":0,"comment_status":"closed","ping_status":"closed","template":"","meta":{"_et_pb_use_builder":"on","_et_pb_old_content":""},"_links":{"self":[{"href":"https:\/\/staging.cambios.de\/index.php?rest_route=\/wp\/v2\/pages\/55"}],"collection":[{"href":"https:\/\/staging.cambios.de\/index.php?rest_route=\/wp\/v2\/pages"}],"about":[{"href":"https:\/\/staging.cambios.de\/index.php?rest_route=\/wp\/v2\/types\/page"}],"author":[{"embeddable":true,"href":"https:\/\/staging.cambios.de\/index.php?rest_route=\/wp\/v2\/users\/1"}],"replies":[{"embeddable":true,"href":"https:\/\/staging.cambios.de\/index.php?rest_route=%2Fwp%2Fv2%2Fcomments&post=55"}],"version-history":[{"count":35,"href":"https:\/\/staging.cambios.de\/index.php?rest_route=\/wp\/v2\/pages\/55\/revisions"}],"predecessor-version":[{"id":1041,"href":"https:\/\/staging.cambios.de\/index.php?rest_route=\/wp\/v2\/pages\/55\/revisions\/1041"}],"wp:attachment":[{"href":"https:\/\/staging.cambios.de\/index.php?rest_route=%2Fwp%2Fv2%2Fmedia&parent=55"}],"curies":[{"name":"wp","href":"https:\/\/api.w.org\/{rel}","templated":true}]}}