{"id":53,"date":"2018-08-08T20:56:16","date_gmt":"2018-08-08T18:56:16","guid":{"rendered":"http:\/\/cambios.webtest.hosting-kunde.de\/?page_id=53"},"modified":"2021-06-11T01:30:26","modified_gmt":"2021-06-10T23:30:26","slug":"insights","status":"publish","type":"page","link":"https:\/\/staging.cambios.de\/?page_id=53","title":{"rendered":"Insights"},"content":{"rendered":"<p>[et_pb_section fb_built=&#8220;1&#8243; fullwidth=&#8220;on&#8220; admin_label=&#8220;Page Header&#8220; _builder_version=&#8220;3.22&#8243; background_image=&#8220;https:\/\/staging.cambios.de\/wp-content\/uploads\/2018\/08\/WebpageHaupt3.jpg&#8220; parallax=&#8220;on&#8220; custom_padding=&#8220;0px|0|0px|0px|false|false&#8220;][et_pb_fullwidth_header title=&#8220;Insights&#8220; subhead=&#8220;Einblicke in das Thema Ver\u00e4nderung&#8220; text_orientation=&#8220;center&#8220; admin_label=&#8220;Hero Section&#8220; _builder_version=&#8220;3.16&#8243; title_font=&#8220;Montserrat|on|||&#8220; title_font_size=&#8220;60px&#8220; title_line_height=&#8220;1.4em&#8220; content_font_size=&#8220;22px&#8220; content_line_height=&#8220;1.8em&#8220; subhead_font=&#8220;||||&#8220; subhead_font_size=&#8220;24px&#8220; background_color=&#8220;rgba(255,255,255,0)&#8220; use_background_color_gradient=&#8220;on&#8220; background_color_gradient_start=&#8220;rgba(0,128,200,0.66)&#8220; background_color_gradient_end=&#8220;rgba(0,128,200,0.4)&#8220; background_size=&#8220;initial&#8220; background_position=&#8220;top_left&#8220; background_repeat=&#8220;repeat&#8220; custom_button_one=&#8220;on&#8220; button_one_text_size=&#8220;16px&#8220; button_one_bg_color=&#8220;#6eba01&#8243; button_one_border_color=&#8220;#6eba01&#8243; button_one_border_radius=&#8220;0&#8243; button_one_letter_spacing=&#8220;2&#8243; button_one_font=&#8220;Montserrat|||on|&#8220; button_one_use_icon=&#8220;off&#8220; custom_button_two=&#8220;on&#8220; button_two_text_size=&#8220;16px&#8220; button_two_border_color=&#8220;#ffffff&#8220; button_two_border_radius=&#8220;0&#8243; button_two_letter_spacing=&#8220;2&#8243; button_two_font=&#8220;Montserrat|||on|&#8220; button_two_use_icon=&#8220;off&#8220; module_alignment=&#8220;left&#8220; custom_padding=&#8220;120px||120px|&#8220; animation_style=&#8220;fade&#8220; title_font_size_tablet=&#8220;&#8220; title_font_size_phone=&#8220;40px&#8220; title_font_size_last_edited=&#8220;on|phone&#8220; button_one_text_color_hover=&#8220;#6eba01&#8243; button_two_text_color_hover=&#8220;#6eba01&#8243; button_one_border_color_hover=&#8220;#ffffff&#8220; button_two_border_color_hover=&#8220;#ffffff&#8220; button_one_border_radius_hover=&#8220;0&#8243; button_two_border_radius_hover=&#8220;0&#8243; button_one_letter_spacing_hover=&#8220;2&#8243; button_two_letter_spacing_hover=&#8220;2&#8243; button_one_bg_color_hover=&#8220;#ffffff&#8220; button_two_bg_color_hover=&#8220;#ffffff&#8220; button_one_text_size__hover_enabled=&#8220;off&#8220; button_two_text_size__hover_enabled=&#8220;off&#8220; button_one_text_color__hover_enabled=&#8220;on&#8220; button_one_text_color__hover=&#8220;#6eba01&#8243; button_two_text_color__hover_enabled=&#8220;on&#8220; button_two_text_color__hover=&#8220;#6eba01&#8243; button_one_border_width__hover_enabled=&#8220;off&#8220; button_two_border_width__hover_enabled=&#8220;off&#8220; button_one_border_color__hover_enabled=&#8220;on&#8220; button_one_border_color__hover=&#8220;#ffffff&#8220; button_two_border_color__hover_enabled=&#8220;on&#8220; button_two_border_color__hover=&#8220;#ffffff&#8220; button_one_border_radius__hover_enabled=&#8220;on&#8220; button_one_border_radius__hover=&#8220;0&#8243; button_two_border_radius__hover_enabled=&#8220;on&#8220; button_two_border_radius__hover=&#8220;0&#8243; button_one_letter_spacing__hover_enabled=&#8220;on&#8220; button_one_letter_spacing__hover=&#8220;2&#8243; button_two_letter_spacing__hover_enabled=&#8220;on&#8220; button_two_letter_spacing__hover=&#8220;2&#8243; button_one_bg_color__hover_enabled=&#8220;on&#8220; button_one_bg_color__hover=&#8220;#ffffff&#8220; button_two_bg_color__hover_enabled=&#8220;on&#8220; button_two_bg_color__hover=&#8220;#ffffff&#8220;]&nbsp;<br \/>\n[\/et_pb_fullwidth_header][\/et_pb_section][et_pb_section fb_built=&#8220;1&#8243; _builder_version=&#8220;3.22&#8243; background_color=&#8220;rgba(150,182,200,0.26)&#8220;][et_pb_row column_structure=&#8220;1_3,2_3&#8243; _builder_version=&#8220;3.25&#8243; background_size=&#8220;initial&#8220; background_position=&#8220;top_left&#8220; background_repeat=&#8220;repeat&#8220; hover_enabled=&#8220;0&#8243; custom_padding=&#8220;25px|||||&#8220;][et_pb_column type=&#8220;1_3&#8243; _builder_version=&#8220;3.25&#8243; custom_padding=&#8220;|||&#8220; custom_padding__hover=&#8220;|||&#8220;][et_pb_image src=&#8220;https:\/\/staging.cambios.de\/wp-content\/uploads\/2021\/06\/HR-Tisch-shutterstock_257435152.jpg&#8220; align_tablet=&#8220;center&#8220; align_phone=&#8220;&#8220; align_last_edited=&#8220;on|desktop&#8220; _builder_version=&#8220;4.0&#8243; hover_enabled=&#8220;0&#8243;]&nbsp;<br \/>\n[\/et_pb_image][\/et_pb_column][et_pb_column type=&#8220;2_3&#8243; _builder_version=&#8220;3.25&#8243; custom_padding=&#8220;|||&#8220; custom_padding__hover=&#8220;|||&#8220;][et_pb_text admin_label=&#8220;Text Buchempfehlung: Transitions \u2013 Making Sense of Life\u2019s Changes&#8220; _builder_version=&#8220;4.0&#8243; text_font_size=&#8220;15px&#8220; text_line_height=&#8220;1.5em&#8220; header_font=&#8220;Montserrat|500|||||||&#8220; header_text_color=&#8220;#0080c8&#8243; header_font_size=&#8220;36px&#8220; header_line_height=&#8220;1.5em&#8220; hover_enabled=&#8220;0&#8243;]<\/p>\n<h4><span style=\"font-size: medium;\"><strong>Zusammenfassung der wichtigsten Trends<\/strong><\/span><\/h4>\n<h4><span style=\"font-size: large;\"><strong><span style=\"color: #0080c8;\">Die Top Ver\u00e4nderungsthemen f\u00fcr HR nach COVID<br \/> <\/span><\/strong><\/span><\/h4>\n<h4><span style=\"font-size: medium;\"><strong>Eine Anregung zum aktiven Gestalten f\u00fcr Personalverantwortliche<\/strong><\/span><\/h4>\n<p>Wenn nun das viel zitierte &#8218;New Normal&#8216; Einzug erh\u00e4lt, werden wieder Themen f\u00fcr das HR-Management in den Fokus r\u00fccken, die die Arbeit von Personalern in den n\u00e4chsten Jahren beeinflussen &#8211; und auch \u00e4ndern &#8211; werden. Teilweise sind es bereits vor der Krise existierende Themen, teilweise haben sich auch neue Inhalte durch die Erfahrung der letzten Monate ergeben. Die nachfolgende Zusammenstellung von 6 Top-Themen resultiert aus einer breit angelegten Recherche.<\/p>\n<h4><span style=\"color: #0080c8; font-size: medium;\"><a href=\"https:\/\/staging.cambios.de\/wp-content\/uploads\/2021\/06\/Die-Top-Ver\u00e4nderungsthemen-f\u00fcr-HR.pdf\" style=\"color: #0080c8;\"><br \/>Als PDF downloaden<\/a><\/span><\/h4>\n<p>[\/et_pb_text][\/et_pb_column][\/et_pb_row][\/et_pb_section][et_pb_section fb_built=&#8220;1&#8243; _builder_version=&#8220;3.22&#8243; background_color=&#8220;rgba(113,126,133,0.3)&#8220;][et_pb_row column_structure=&#8220;1_3,2_3&#8243; _builder_version=&#8220;3.25&#8243; background_size=&#8220;initial&#8220; background_position=&#8220;top_left&#8220; background_repeat=&#8220;repeat&#8220;][et_pb_column type=&#8220;1_3&#8243; _builder_version=&#8220;3.25&#8243; custom_padding=&#8220;|||&#8220; custom_padding__hover=&#8220;|||&#8220;][et_pb_image src=&#8220;https:\/\/staging.cambios.de\/wp-content\/uploads\/2018\/09\/TALENT_MANAGEMENT_Retention.jpg&#8220; align_tablet=&#8220;center&#8220; align_phone=&#8220;&#8220; align_last_edited=&#8220;on|desktop&#8220; _builder_version=&#8220;3.23&#8243;]&nbsp;<br \/>\n[\/et_pb_image][\/et_pb_column][et_pb_column type=&#8220;2_3&#8243; _builder_version=&#8220;3.25&#8243; custom_padding=&#8220;|||&#8220; custom_padding__hover=&#8220;|||&#8220;][et_pb_text admin_label=&#8220;Text Diagnostik Frauen-Fluktuation im mittleren Management&#8220; _builder_version=&#8220;4.0&#8243; text_font_size=&#8220;15px&#8220; text_line_height=&#8220;1.5em&#8220; header_font=&#8220;Montserrat|500|||||||&#8220; header_text_color=&#8220;#0080c8&#8243; header_font_size=&#8220;36px&#8220; header_line_height=&#8220;1.5em&#8220;]<\/p>\n<h4><span style=\"font-size: medium;\"><strong><span style=\"font-family: inherit;\">Frauenpotenziale zu f\u00f6rdern setzt nicht oben, sondern in der Mitte an!<\/span><\/strong><\/span><\/h4>\n<h4><span style=\"font-size: large;\"><strong><span style=\"color: #0080c8;\">Diagnostik Frauen-Fluktuation im mittleren Management<br \/> <\/span><\/strong><\/span><\/h4>\n<h4><strong>Interne weibliche Pipeline f\u00fcr Top-Positionen verbessern<\/strong><\/h4>\n<p>In einer Zeit, in der erfahrene Fach- und F\u00fchrungskr\u00e4fte im Markt hei\u00df umk\u00e4mpft werden, k\u00f6nnen es sich Unternehmen kaum leisten, eine \u00fcberproportionale Fluktuation zu haben. Daten deuten darauf hin, dass diese insbesondere bei Frauen in den mittleren F\u00fchrungsr\u00e4ngen in Gro\u00dfunternehmen besonders hoch ist. Folge ist, dass intern auch nicht gen\u00fcgend \u201ePipeline\u201c vorhanden ist, um Frauen in die Top-F\u00fchrungspositionen zu entwickeln, wo eine vielf\u00e4ltige Perspektive entscheidend f\u00fcr den Unternehmenserfolg ist.<\/p>\n<p><a href=\"https:\/\/staging.cambios.de\/wp-content\/uploads\/2021\/06\/Diagnostik-Frauenpotenziale.pdf\" target=\"_blank\" rel=\"noopener noreferrer\">Als PDF downloaden<\/a><\/p>\n<p>[\/et_pb_text][\/et_pb_column][\/et_pb_row][\/et_pb_section][et_pb_section fb_built=&#8220;1&#8243; _builder_version=&#8220;3.22&#8243; background_color=&#8220;#eeeeee&#8220;][et_pb_row column_structure=&#8220;1_3,2_3&#8243; _builder_version=&#8220;3.25&#8243; background_size=&#8220;initial&#8220; background_position=&#8220;top_left&#8220; background_repeat=&#8220;repeat&#8220;][et_pb_column type=&#8220;1_3&#8243; _builder_version=&#8220;3.25&#8243; custom_padding=&#8220;|||&#8220; custom_padding__hover=&#8220;|||&#8220;][et_pb_image src=&#8220;https:\/\/staging.cambios.de\/wp-content\/uploads\/2018\/09\/seifenblasen.jpg&#8220; align_tablet=&#8220;center&#8220; align_phone=&#8220;&#8220; align_last_edited=&#8220;on|desktop&#8220; _builder_version=&#8220;3.23&#8243;]&nbsp;<br \/>\n[\/et_pb_image][\/et_pb_column][et_pb_column type=&#8220;2_3&#8243; _builder_version=&#8220;3.25&#8243; custom_padding=&#8220;|||&#8220; custom_padding__hover=&#8220;|||&#8220;][et_pb_text admin_label=&#8220;Text 7 Gr\u00fcnde, warum bisherige Change Management Methoden&#8220; _builder_version=&#8220;3.27.4&#8243; text_font_size=&#8220;15px&#8220; text_line_height=&#8220;1.5em&#8220; header_font=&#8220;Montserrat|500|||||||&#8220; header_text_color=&#8220;#0080c8&#8243; header_font_size=&#8220;36px&#8220; header_line_height=&#8220;1.5em&#8220;]<\/p>\n<h4><span style=\"font-size: medium;\"><strong><span style=\"font-family: inherit;\">Alles ver\u00e4ndert sich \u2013 nur ausgerechnet das Change Management bleibt unver\u00e4ndert?<\/span><\/strong><\/span><\/h4>\n<h4><span style=\"font-size: large;\"><strong><span style=\"color: #0080c8;\">7 Gr\u00fcnde, warum bisherige Change Management Methoden erg\u00e4nzt werden m\u00fcssen<\/span><\/strong><\/span><\/h4>\n<p>Um eine Transformation erfolgreich umzusetzen reichen Standard-Change Methoden heute nicht mehr aus. Dazu gibt es in unserem dynamischen und digitalen Wirtschaftsumfeld zu viele weitere Einflussfaktoren, die ber\u00fccksichtigt werden m\u00fcssen \u2013 oder die andernfalls das Projekt zum Scheitern verurteilen.<\/p>\n<p>Eine Betrachtung von \u201eChange\u201c rein aus dem Blickwinkel des Prozessablaufs oder nur der Organisationsentwicklung greift zu kurz.<\/p>\n<p><a href=\"\/wp-content\/uploads\/2018\/09\/7_Gruende_f_geaend_Change_Mgmt.pdf\" target=\"_blank\" rel=\"noopener noreferrer\">Als PDF downloaden<\/a><br \/>\n[\/et_pb_text][\/et_pb_column][\/et_pb_row][\/et_pb_section][et_pb_section fb_built=&#8220;1&#8243; _builder_version=&#8220;3.22&#8243; background_color=&#8220;#ffffff&#8220;][et_pb_row column_structure=&#8220;1_3,2_3&#8243; _builder_version=&#8220;3.25&#8243; background_size=&#8220;initial&#8220; background_position=&#8220;top_left&#8220; background_repeat=&#8220;repeat&#8220;][et_pb_column type=&#8220;1_3&#8243; _builder_version=&#8220;3.25&#8243; custom_padding=&#8220;|||&#8220; custom_padding__hover=&#8220;|||&#8220;][et_pb_image src=&#8220;https:\/\/staging.cambios.de\/wp-content\/uploads\/2018\/09\/PodcastSengpielCoverNeu2018Fertig.jpg&#8220; align_tablet=&#8220;center&#8220; align_phone=&#8220;&#8220; align_last_edited=&#8220;on|desktop&#8220; _builder_version=&#8220;3.23&#8243;]&nbsp;<br \/>\n[\/et_pb_image][\/et_pb_column][et_pb_column type=&#8220;2_3&#8243; _builder_version=&#8220;3.25&#8243; custom_padding=&#8220;|||&#8220; custom_padding__hover=&#8220;|||&#8220;][et_pb_text admin_label=&#8220;Text Radio-Interview&#8220; _builder_version=&#8220;3.27.4&#8243; text_font_size=&#8220;15px&#8220; text_line_height=&#8220;1.5em&#8220; header_font=&#8220;Montserrat|500|||||||&#8220; header_text_color=&#8220;#0080c8&#8243; header_font_size=&#8220;36px&#8220; header_line_height=&#8220;1.5em&#8220;]<\/p>\n<h4><span style=\"font-size: large;\"><strong><span style=\"color: #0080c8;\">Change als Chance &#8211; Firmen m\u00fcssen beim digitalen Wandel alle mitnehmen<\/span><\/strong><\/span><\/h4>\n<h4><strong>Radio-Interview mit Cornelia Sengpiel<\/strong><\/h4>\n<p><span style=\"font-size: 16px;\">Ein paar grunds\u00e4tzliche \u00dcberlegungen zu den Ver\u00e4nderungen in den Unternehmen und f\u00fcr uns pers\u00f6nlich, die durch die technologischen Ver\u00e4nderungen angesto\u00dfen werden.<\/span><br \/>\n[\/et_pb_text][et_pb_audio audio=&#8220;https:\/\/staging.cambios.de\/wp-content\/uploads\/2018\/09\/DigitalerWandel.mp3&#8243; title=&#8220;Change als Chance &#8211; Firmen m\u00fcssen beim digitalen Wandel alle mitnehmen&#8220; artist_name=&#8220;Cornelia Sengpiel&#8220; album_name=&#8220;Radio-Interview &#8220; _builder_version=&#8220;3.13&#8243; title_font=&#8220;||||||||&#8220; title_font_size=&#8220;15px&#8220; background_color=&#8220;rgba(0,0,0,0)&#8220; background_layout=&#8220;light&#8220;]&nbsp;<br \/>\n[\/et_pb_audio][et_pb_audio audio=&#8220;https:\/\/staging.cambios.de\/wp-content\/uploads\/2018\/10\/digitaleentscheidungaudiopost.mp3&#8243; title=&#8220;Digitaler Wandel &#8211; wie und wann entscheide ich mich f\u00fcr oder gegen Neues und wovon wird das beeinflusst?&#8220; _builder_version=&#8220;3.13&#8243; title_font_size=&#8220;15px&#8220; background_color=&#8220;rgba(0,0,0,0)&#8220; background_layout=&#8220;light&#8220;]&nbsp;<br \/>\n[\/et_pb_audio][\/et_pb_column][\/et_pb_row][\/et_pb_section][et_pb_section fb_built=&#8220;1&#8243; _builder_version=&#8220;3.22&#8243; background_color=&#8220;rgba(150,182,200,0.26)&#8220;][et_pb_row column_structure=&#8220;1_3,2_3&#8243; _builder_version=&#8220;3.25&#8243; background_size=&#8220;initial&#8220; background_position=&#8220;top_left&#8220; background_repeat=&#8220;repeat&#8220;][et_pb_column type=&#8220;1_3&#8243; _builder_version=&#8220;3.25&#8243; custom_padding=&#8220;|||&#8220; custom_padding__hover=&#8220;|||&#8220;][et_pb_image src=&#8220;https:\/\/staging.cambios.de\/wp-content\/uploads\/2018\/09\/Book-transitions-1024&#215;1024.png&#8220; align_tablet=&#8220;center&#8220; align_phone=&#8220;&#8220; align_last_edited=&#8220;on|desktop&#8220; _builder_version=&#8220;3.23&#8243;]&nbsp;<br \/>\n[\/et_pb_image][\/et_pb_column][et_pb_column type=&#8220;2_3&#8243; _builder_version=&#8220;3.25&#8243; custom_padding=&#8220;|||&#8220; custom_padding__hover=&#8220;|||&#8220;][et_pb_text admin_label=&#8220;Text Buchempfehlung: Transitions \u2013 Making Sense of Life\u2019s Changes&#8220; _builder_version=&#8220;3.27.4&#8243; text_font_size=&#8220;15px&#8220; text_line_height=&#8220;1.5em&#8220; header_font=&#8220;Montserrat|500|||||||&#8220; header_text_color=&#8220;#0080c8&#8243; header_font_size=&#8220;36px&#8220; header_line_height=&#8220;1.5em&#8220;]<\/p>\n<h4><strong style=\"font-size: large;\"><span style=\"color: #0080c8;\">Buchempfehlung:<\/span><\/strong><\/h4>\n<h4><span style=\"font-size: large;\"><strong><span style=\"color: #0080c8;\">Transitions \u2013 Making Sense of Life\u2019s Changes<br \/>\n<\/span><\/strong><\/span><\/h4>\n<h4><strong>von William Bridges (engl.)<\/strong><\/h4>\n<p>Ein Klassiker aus den 80ern, aber eins der eing\u00e4ngigsten und nach wie vor g\u00fcltigen B\u00fccher zu dem schwierigen \u00dcbergang zwischen Alt und Neu. Empfehlenswert f\u00fcr alle, die \u2013 nicht immer schmerzfrei \u2013 mit den Ver\u00e4nderungen des Lebens k\u00e4mpfen, privat wie beruflich.<br \/>\n[\/et_pb_text][\/et_pb_column][\/et_pb_row][\/et_pb_section]<\/p>\n","protected":false},"excerpt":{"rendered":"<p>[et_pb_section fb_built=&#8220;1&#8243; fullwidth=&#8220;on&#8220; admin_label=&#8220;Page Header&#8220; _builder_version=&#8220;3.22&#8243; background_image=&#8220;https:\/\/staging.cambios.de\/wp-content\/uploads\/2018\/08\/WebpageHaupt3.jpg&#8220; parallax=&#8220;on&#8220; custom_padding=&#8220;0px|0|0px|0px|false|false&#8220;][et_pb_fullwidth_header title=&#8220;Insights&#8220; subhead=&#8220;Einblicke in das Thema Ver\u00e4nderung&#8220; text_orientation=&#8220;center&#8220; admin_label=&#8220;Hero Section&#8220; _builder_version=&#8220;3.16&#8243; title_font=&#8220;Montserrat|on|||&#8220; title_font_size=&#8220;60px&#8220; title_line_height=&#8220;1.4em&#8220; content_font_size=&#8220;22px&#8220; content_line_height=&#8220;1.8em&#8220; subhead_font=&#8220;||||&#8220; subhead_font_size=&#8220;24px&#8220; background_color=&#8220;rgba(255,255,255,0)&#8220; use_background_color_gradient=&#8220;on&#8220; background_color_gradient_start=&#8220;rgba(0,128,200,0.66)&#8220; background_color_gradient_end=&#8220;rgba(0,128,200,0.4)&#8220; background_size=&#8220;initial&#8220; background_position=&#8220;top_left&#8220; background_repeat=&#8220;repeat&#8220; custom_button_one=&#8220;on&#8220; button_one_text_size=&#8220;16px&#8220; button_one_bg_color=&#8220;#6eba01&#8243; button_one_border_color=&#8220;#6eba01&#8243; button_one_border_radius=&#8220;0&#8243; button_one_letter_spacing=&#8220;2&#8243; button_one_font=&#8220;Montserrat|||on|&#8220; button_one_use_icon=&#8220;off&#8220; custom_button_two=&#8220;on&#8220; button_two_text_size=&#8220;16px&#8220; button_two_border_color=&#8220;#ffffff&#8220; button_two_border_radius=&#8220;0&#8243; button_two_letter_spacing=&#8220;2&#8243; button_two_font=&#8220;Montserrat|||on|&#8220; button_two_use_icon=&#8220;off&#8220; module_alignment=&#8220;left&#8220; custom_padding=&#8220;120px||120px|&#8220; animation_style=&#8220;fade&#8220; title_font_size_tablet=&#8220;&#8220; title_font_size_phone=&#8220;40px&#8220; title_font_size_last_edited=&#8220;on|phone&#8220; button_one_text_color_hover=&#8220;#6eba01&#8243; [&hellip;]<\/p>\n","protected":false},"author":1,"featured_media":0,"parent":0,"menu_order":0,"comment_status":"closed","ping_status":"closed","template":"","meta":{"_et_pb_use_builder":"on","_et_pb_old_content":""},"_links":{"self":[{"href":"https:\/\/staging.cambios.de\/index.php?rest_route=\/wp\/v2\/pages\/53"}],"collection":[{"href":"https:\/\/staging.cambios.de\/index.php?rest_route=\/wp\/v2\/pages"}],"about":[{"href":"https:\/\/staging.cambios.de\/index.php?rest_route=\/wp\/v2\/types\/page"}],"author":[{"embeddable":true,"href":"https:\/\/staging.cambios.de\/index.php?rest_route=\/wp\/v2\/users\/1"}],"replies":[{"embeddable":true,"href":"https:\/\/staging.cambios.de\/index.php?rest_route=%2Fwp%2Fv2%2Fcomments&post=53"}],"version-history":[{"count":34,"href":"https:\/\/staging.cambios.de\/index.php?rest_route=\/wp\/v2\/pages\/53\/revisions"}],"predecessor-version":[{"id":2215,"href":"https:\/\/staging.cambios.de\/index.php?rest_route=\/wp\/v2\/pages\/53\/revisions\/2215"}],"wp:attachment":[{"href":"https:\/\/staging.cambios.de\/index.php?rest_route=%2Fwp%2Fv2%2Fmedia&parent=53"}],"curies":[{"name":"wp","href":"https:\/\/api.w.org\/{rel}","templated":true}]}}